{"id":57195,"date":"2026-03-17T11:57:06","date_gmt":"2026-03-17T10:57:06","guid":{"rendered":"https:\/\/www.guitarraul.com\/partitura\/danza-de-las-hachas-sanz-duo-free\/"},"modified":"2026-03-17T12:17:43","modified_gmt":"2026-03-17T11:17:43","slug":"danza-de-las-hachas-sanz-duo-free","status":"publish","type":"product","link":"https:\/\/www.guitarraul.com\/en\/partitura\/danza-de-las-hachas-sanz-duo-free\/","title":{"rendered":"Danza de las hachas &#8211; SANZ &#8211; DUO (FREE)"},"content":{"rendered":"","protected":false},"excerpt":{"rendered":"<p><span style=\"color: #800000;\"><strong>GUITAR DUO<\/strong><\/span><\/p>\n<p>Score for guitar duo of the Dance of the Axes by Gaspar Sanz (1640-1710). This work belongs to his book <em>Instruction in Music on the Spanish Guitar,<\/em> published in 1674. Gaspar Sanz is one of the most outstanding names in the history of the Spanish Baroque guitar.<\/p>\n<p>&nbsp;<\/p>\n","protected":false},"featured_media":57196,"template":"","meta":{"_acf_changed":false},"product_brand":[217],"product_cat":[154,180],"product_tag":[165,175],"class_list":{"0":"post-57195","1":"product","2":"type-product","3":"status-publish","4":"has-post-thumbnail","6":"product_brand-sanz-en","7":"product_cat-free-scores","8":"product_cat-guitar-duos","9":"product_tag-baroque","10":"product_tag-spain","11":"description-off","13":"first","14":"instock","15":"downloadable","16":"virtual","17":"sold-individually","18":"taxable","19":"purchasable","20":"product-type-simple"},"acf":[],"yoast_head":"<!-- This site is optimized with the Yoast SEO plugin v26.9 - https:\/\/yoast.com\/product\/yoast-seo-wordpress\/ -->\n<title>Danza de las hachas - SANZ - DUO (FREE) - Guitarraul<\/title>\n<meta name=\"description\" content=\"Free sheet music for Gaspar Sanz&#039;s &quot;Danza de las hachas&quot; for guitar duo. Original work from his book &quot;Instrucci\u00f3n de m\u00fasica sobre la guitarra espa\u00f1ola&quot; (Music Instruction on the Spanish Guitar).\" \/>\n<meta name=\"robots\" content=\"index, follow, max-snippet:-1, max-image-preview:large, max-video-preview:-1\" \/>\n<link rel=\"canonical\" href=\"https:\/\/www.guitarraul.com\/en\/partitura\/danza-de-las-hachas-sanz-duo-free\/\" \/>\n<meta property=\"og:locale\" content=\"en_US\" \/>\n<meta property=\"og:type\" content=\"article\" \/>\n<meta property=\"og:title\" content=\"Danza de las hachas - SANZ - DUO (FREE) - Guitarraul\" \/>\n<meta property=\"og:description\" content=\"Free sheet music for Gaspar Sanz&#039;s &quot;Danza de las hachas&quot; for guitar duo. Original work from his book &quot;Instrucci\u00f3n de m\u00fasica sobre la guitarra espa\u00f1ola&quot; (Music Instruction on the Spanish Guitar).\" \/>\n<meta property=\"og:url\" content=\"https:\/\/www.guitarraul.com\/en\/partitura\/danza-de-las-hachas-sanz-duo-free\/\" \/>\n<meta property=\"og:site_name\" content=\"Guitarraul\" \/>\n<meta property=\"article:modified_time\" content=\"2026-03-17T11:17:43+00:00\" \/>\n<meta property=\"og:image\" content=\"https:\/\/www.guitarraul.com\/contenidos-guitarraul\/uploads\/2026\/03\/SANZ-HACHAS-DUO-English.jpg\" \/>\n\t<meta property=\"og:image:width\" content=\"1114\" \/>\n\t<meta property=\"og:image:height\" content=\"1114\" \/>\n\t<meta property=\"og:image:type\" content=\"image\/jpeg\" \/>\n<meta name=\"twitter:card\" content=\"summary_large_image\" \/>\n<meta name=\"twitter:label1\" content=\"Est. reading time\" \/>\n\t<meta name=\"twitter:data1\" content=\"1 minute\" \/>\n<script type=\"application\/ld+json\" class=\"yoast-schema-graph\">{\"@context\":\"https:\/\/schema.org\",\"@graph\":[{\"@type\":\"WebPage\",\"@id\":\"https:\/\/www.guitarraul.com\/en\/partitura\/danza-de-las-hachas-sanz-duo-free\/\",\"url\":\"https:\/\/www.guitarraul.com\/en\/partitura\/danza-de-las-hachas-sanz-duo-free\/\",\"name\":\"Danza de las hachas - SANZ - DUO (FREE) - Guitarraul\",\"isPartOf\":{\"@id\":\"https:\/\/www.guitarraul.com\/#website\"},\"primaryImageOfPage\":{\"@id\":\"https:\/\/www.guitarraul.com\/en\/partitura\/danza-de-las-hachas-sanz-duo-free\/#primaryimage\"},\"image\":{\"@id\":\"https:\/\/www.guitarraul.com\/en\/partitura\/danza-de-las-hachas-sanz-duo-free\/#primaryimage\"},\"thumbnailUrl\":\"https:\/\/www.guitarraul.com\/contenidos-guitarraul\/uploads\/2026\/03\/SANZ-HACHAS-DUO-English.jpg\",\"datePublished\":\"2026-03-17T10:57:06+00:00\",\"dateModified\":\"2026-03-17T11:17:43+00:00\",\"description\":\"Free sheet music for Gaspar Sanz's \\\"Danza de las hachas\\\" for guitar duo. Original work from his book \\\"Instrucci\u00f3n de m\u00fasica sobre la guitarra espa\u00f1ola\\\" (Music Instruction on the Spanish Guitar).\",\"breadcrumb\":{\"@id\":\"https:\/\/www.guitarraul.com\/en\/partitura\/danza-de-las-hachas-sanz-duo-free\/#breadcrumb\"},\"inLanguage\":\"en-US\",\"potentialAction\":[{\"@type\":\"ReadAction\",\"target\":[\"https:\/\/www.guitarraul.com\/en\/partitura\/danza-de-las-hachas-sanz-duo-free\/\"]}]},{\"@type\":\"ImageObject\",\"inLanguage\":\"en-US\",\"@id\":\"https:\/\/www.guitarraul.com\/en\/partitura\/danza-de-las-hachas-sanz-duo-free\/#primaryimage\",\"url\":\"https:\/\/www.guitarraul.com\/contenidos-guitarraul\/uploads\/2026\/03\/SANZ-HACHAS-DUO-English.jpg\",\"contentUrl\":\"https:\/\/www.guitarraul.com\/contenidos-guitarraul\/uploads\/2026\/03\/SANZ-HACHAS-DUO-English.jpg\",\"width\":1114,\"height\":1114},{\"@type\":\"BreadcrumbList\",\"@id\":\"https:\/\/www.guitarraul.com\/en\/partitura\/danza-de-las-hachas-sanz-duo-free\/#breadcrumb\",\"itemListElement\":[{\"@type\":\"ListItem\",\"position\":1,\"name\":\"Portada\",\"item\":\"https:\/\/www.guitarraul.com\/en\/\"},{\"@type\":\"ListItem\",\"position\":2,\"name\":\"Scores Store\",\"item\":\"https:\/\/www.guitarraul.com\/en\/scores-store\/\"},{\"@type\":\"ListItem\",\"position\":3,\"name\":\"Danza de las hachas &#8211; SANZ &#8211; DUO (FREE)\"}]},{\"@type\":\"WebSite\",\"@id\":\"https:\/\/www.guitarraul.com\/#website\",\"url\":\"https:\/\/www.guitarraul.com\/\",\"name\":\"Guitarraul\",\"description\":\"Partituras y Arreglos para Guitarra Clasica\",\"potentialAction\":[{\"@type\":\"SearchAction\",\"target\":{\"@type\":\"EntryPoint\",\"urlTemplate\":\"https:\/\/www.guitarraul.com\/?s={search_term_string}\"},\"query-input\":{\"@type\":\"PropertyValueSpecification\",\"valueRequired\":true,\"valueName\":\"search_term_string\"}}],\"inLanguage\":\"en-US\"}]}<\/script>\n<!-- \/ Yoast SEO plugin. -->","yoast_head_json":{"title":"Danza de las hachas - SANZ - DUO (FREE) - Guitarraul","description":"Free sheet music for Gaspar Sanz's \"Danza de las hachas\" for guitar duo. Original work from his book \"Instrucci\u00f3n de m\u00fasica sobre la guitarra espa\u00f1ola\" (Music Instruction on the Spanish Guitar).","robots":{"index":"index","follow":"follow","max-snippet":"max-snippet:-1","max-image-preview":"max-image-preview:large","max-video-preview":"max-video-preview:-1"},"canonical":"https:\/\/www.guitarraul.com\/en\/partitura\/danza-de-las-hachas-sanz-duo-free\/","og_locale":"en_US","og_type":"article","og_title":"Danza de las hachas - SANZ - DUO (FREE) - Guitarraul","og_description":"Free sheet music for Gaspar Sanz's \"Danza de las hachas\" for guitar duo. Original work from his book \"Instrucci\u00f3n de m\u00fasica sobre la guitarra espa\u00f1ola\" (Music Instruction on the Spanish Guitar).","og_url":"https:\/\/www.guitarraul.com\/en\/partitura\/danza-de-las-hachas-sanz-duo-free\/","og_site_name":"Guitarraul","article_modified_time":"2026-03-17T11:17:43+00:00","og_image":[{"width":1114,"height":1114,"url":"https:\/\/www.guitarraul.com\/contenidos-guitarraul\/uploads\/2026\/03\/SANZ-HACHAS-DUO-English.jpg","type":"image\/jpeg"}],"twitter_card":"summary_large_image","twitter_misc":{"Est. reading time":"1 minute"},"schema":{"@context":"https:\/\/schema.org","@graph":[{"@type":"WebPage","@id":"https:\/\/www.guitarraul.com\/en\/partitura\/danza-de-las-hachas-sanz-duo-free\/","url":"https:\/\/www.guitarraul.com\/en\/partitura\/danza-de-las-hachas-sanz-duo-free\/","name":"Danza de las hachas - SANZ - DUO (FREE) - Guitarraul","isPartOf":{"@id":"https:\/\/www.guitarraul.com\/#website"},"primaryImageOfPage":{"@id":"https:\/\/www.guitarraul.com\/en\/partitura\/danza-de-las-hachas-sanz-duo-free\/#primaryimage"},"image":{"@id":"https:\/\/www.guitarraul.com\/en\/partitura\/danza-de-las-hachas-sanz-duo-free\/#primaryimage"},"thumbnailUrl":"https:\/\/www.guitarraul.com\/contenidos-guitarraul\/uploads\/2026\/03\/SANZ-HACHAS-DUO-English.jpg","datePublished":"2026-03-17T10:57:06+00:00","dateModified":"2026-03-17T11:17:43+00:00","description":"Free sheet music for Gaspar Sanz's \"Danza de las hachas\" for guitar duo. Original work from his book \"Instrucci\u00f3n de m\u00fasica sobre la guitarra espa\u00f1ola\" (Music Instruction on the Spanish Guitar).","breadcrumb":{"@id":"https:\/\/www.guitarraul.com\/en\/partitura\/danza-de-las-hachas-sanz-duo-free\/#breadcrumb"},"inLanguage":"en-US","potentialAction":[{"@type":"ReadAction","target":["https:\/\/www.guitarraul.com\/en\/partitura\/danza-de-las-hachas-sanz-duo-free\/"]}]},{"@type":"ImageObject","inLanguage":"en-US","@id":"https:\/\/www.guitarraul.com\/en\/partitura\/danza-de-las-hachas-sanz-duo-free\/#primaryimage","url":"https:\/\/www.guitarraul.com\/contenidos-guitarraul\/uploads\/2026\/03\/SANZ-HACHAS-DUO-English.jpg","contentUrl":"https:\/\/www.guitarraul.com\/contenidos-guitarraul\/uploads\/2026\/03\/SANZ-HACHAS-DUO-English.jpg","width":1114,"height":1114},{"@type":"BreadcrumbList","@id":"https:\/\/www.guitarraul.com\/en\/partitura\/danza-de-las-hachas-sanz-duo-free\/#breadcrumb","itemListElement":[{"@type":"ListItem","position":1,"name":"Portada","item":"https:\/\/www.guitarraul.com\/en\/"},{"@type":"ListItem","position":2,"name":"Scores Store","item":"https:\/\/www.guitarraul.com\/en\/scores-store\/"},{"@type":"ListItem","position":3,"name":"Danza de las hachas &#8211; SANZ &#8211; DUO (FREE)"}]},{"@type":"WebSite","@id":"https:\/\/www.guitarraul.com\/#website","url":"https:\/\/www.guitarraul.com\/","name":"Guitarraul","description":"Partituras y Arreglos para Guitarra Clasica","potentialAction":[{"@type":"SearchAction","target":{"@type":"EntryPoint","urlTemplate":"https:\/\/www.guitarraul.com\/?s={search_term_string}"},"query-input":{"@type":"PropertyValueSpecification","valueRequired":true,"valueName":"search_term_string"}}],"inLanguage":"en-US"}]}},"_links":{"self":[{"href":"https:\/\/www.guitarraul.com\/en\/wp-json\/wp\/v2\/product\/57195","targetHints":{"allow":["GET"]}}],"collection":[{"href":"https:\/\/www.guitarraul.com\/en\/wp-json\/wp\/v2\/product"}],"about":[{"href":"https:\/\/www.guitarraul.com\/en\/wp-json\/wp\/v2\/types\/product"}],"wp:featuredmedia":[{"embeddable":true,"href":"https:\/\/www.guitarraul.com\/en\/wp-json\/wp\/v2\/media\/57196"}],"wp:attachment":[{"href":"https:\/\/www.guitarraul.com\/en\/wp-json\/wp\/v2\/media?parent=57195"}],"wp:term":[{"taxonomy":"product_brand","embeddable":true,"href":"https:\/\/www.guitarraul.com\/en\/wp-json\/wp\/v2\/product_brand?post=57195"},{"taxonomy":"product_cat","embeddable":true,"href":"https:\/\/www.guitarraul.com\/en\/wp-json\/wp\/v2\/product_cat?post=57195"},{"taxonomy":"product_tag","embeddable":true,"href":"https:\/\/www.guitarraul.com\/en\/wp-json\/wp\/v2\/product_tag?post=57195"}],"curies":[{"name":"wp","href":"https:\/\/api.w.org\/{rel}","templated":true}]}}