{"id":11735,"date":"2019-09-27T08:30:05","date_gmt":"2019-09-27T06:30:05","guid":{"rendered":"https:\/\/www.guitarraul.com\/partitura\/folias-de-espana-op-15-sor\/"},"modified":"2022-03-23T10:43:36","modified_gmt":"2022-03-23T09:43:36","slug":"folias-de-espana-op-15-sor","status":"publish","type":"product","link":"https:\/\/www.guitarraul.com\/en\/partitura\/folias-de-espana-op-15-sor\/","title":{"rendered":"Fol\u00edas de Espa\u00f1a Op.15 (SOR)"},"content":{"rendered":"","protected":false},"excerpt":{"rendered":"<p><span style=\"color: #800000;\"><strong>GUITAR TRIO<\/strong><\/span><\/p>\n<p><i><b>La Fol\u00eda<\/b><\/i>\u00a0(Spanish), or\u00a0<i><b>Follies of Spain<\/b><\/i> (English), \u00a0is one of the oldest remembered European musical themes, or primary material, generally melodic.<\/p>\n<p><em>Slurs, Change of position, Chords,&#8230;<\/em><\/p>\n<p><em>Also available for guitar orchestra, with optional bass<\/em><\/p>\n","protected":false},"featured_media":11736,"template":"","meta":{"_acf_changed":false},"product_brand":[216],"product_cat":[158,155,159,153,182],"product_tag":[175],"class_list":{"0":"post-11735","1":"product","2":"type-product","3":"status-publish","4":"has-post-thumbnail","6":"product_brand-sor-en","7":"product_cat-concert-trios","8":"product_cat-concert-works","9":"product_cat-didactic-works","10":"product_cat-guitar-orchestra","11":"product_cat-guitar-trios","12":"product_tag-spain","13":"description-off","15":"first","16":"instock","17":"featured","18":"downloadable","19":"virtual","20":"sold-individually","21":"taxable","22":"purchasable","23":"product-type-simple"},"acf":[],"yoast_head":"<!-- This site is optimized with the Yoast SEO plugin v26.9 - https:\/\/yoast.com\/product\/yoast-seo-wordpress\/ -->\n<title>Fol\u00edas de Espa\u00f1a Op.15 (SOR) - Guitarraul<\/title>\n<meta name=\"robots\" content=\"index, follow, max-snippet:-1, max-image-preview:large, max-video-preview:-1\" \/>\n<link rel=\"canonical\" href=\"https:\/\/www.guitarraul.com\/en\/partitura\/folias-de-espana-op-15-sor\/\" \/>\n<meta property=\"og:locale\" content=\"en_US\" \/>\n<meta property=\"og:type\" content=\"article\" \/>\n<meta property=\"og:title\" content=\"Fol\u00edas de Espa\u00f1a Op.15 (SOR) - Guitarraul\" \/>\n<meta property=\"og:description\" content=\"GUITAR TRIO  La Fol\u00eda\u00a0(Spanish), or\u00a0Follies of Spain (English), \u00a0is one of the oldest remembered European musical themes, or primary material, generally melodic.  Slurs, Change of position, Chords,...  Also available for guitar orchestra, with optional bass\" \/>\n<meta property=\"og:url\" content=\"https:\/\/www.guitarraul.com\/en\/partitura\/folias-de-espana-op-15-sor\/\" \/>\n<meta property=\"og:site_name\" content=\"Guitarraul\" \/>\n<meta property=\"article:modified_time\" content=\"2022-03-23T09:43:36+00:00\" \/>\n<meta property=\"og:image\" content=\"https:\/\/www.guitarraul.com\/contenidos-guitarraul\/uploads\/2019\/09\/FOLIAS-de-Espa\u00f1a-SOR-English.jpg\" \/>\n\t<meta property=\"og:image:width\" content=\"800\" \/>\n\t<meta property=\"og:image:height\" content=\"800\" \/>\n\t<meta property=\"og:image:type\" content=\"image\/jpeg\" \/>\n<meta name=\"twitter:card\" content=\"summary_large_image\" \/>\n<script type=\"application\/ld+json\" class=\"yoast-schema-graph\">{\"@context\":\"https:\/\/schema.org\",\"@graph\":[{\"@type\":\"WebPage\",\"@id\":\"https:\/\/www.guitarraul.com\/en\/partitura\/folias-de-espana-op-15-sor\/\",\"url\":\"https:\/\/www.guitarraul.com\/en\/partitura\/folias-de-espana-op-15-sor\/\",\"name\":\"Fol\u00edas de Espa\u00f1a Op.15 (SOR) - Guitarraul\",\"isPartOf\":{\"@id\":\"https:\/\/www.guitarraul.com\/#website\"},\"primaryImageOfPage\":{\"@id\":\"https:\/\/www.guitarraul.com\/en\/partitura\/folias-de-espana-op-15-sor\/#primaryimage\"},\"image\":{\"@id\":\"https:\/\/www.guitarraul.com\/en\/partitura\/folias-de-espana-op-15-sor\/#primaryimage\"},\"thumbnailUrl\":\"https:\/\/www.guitarraul.com\/contenidos-guitarraul\/uploads\/2019\/09\/FOLIAS-de-Espa\u00f1a-SOR-English.jpg\",\"datePublished\":\"2019-09-27T06:30:05+00:00\",\"dateModified\":\"2022-03-23T09:43:36+00:00\",\"breadcrumb\":{\"@id\":\"https:\/\/www.guitarraul.com\/en\/partitura\/folias-de-espana-op-15-sor\/#breadcrumb\"},\"inLanguage\":\"en-US\",\"potentialAction\":[{\"@type\":\"ReadAction\",\"target\":[\"https:\/\/www.guitarraul.com\/en\/partitura\/folias-de-espana-op-15-sor\/\"]}]},{\"@type\":\"ImageObject\",\"inLanguage\":\"en-US\",\"@id\":\"https:\/\/www.guitarraul.com\/en\/partitura\/folias-de-espana-op-15-sor\/#primaryimage\",\"url\":\"https:\/\/www.guitarraul.com\/contenidos-guitarraul\/uploads\/2019\/09\/FOLIAS-de-Espa\u00f1a-SOR-English.jpg\",\"contentUrl\":\"https:\/\/www.guitarraul.com\/contenidos-guitarraul\/uploads\/2019\/09\/FOLIAS-de-Espa\u00f1a-SOR-English.jpg\",\"width\":800,\"height\":800},{\"@type\":\"BreadcrumbList\",\"@id\":\"https:\/\/www.guitarraul.com\/en\/partitura\/folias-de-espana-op-15-sor\/#breadcrumb\",\"itemListElement\":[{\"@type\":\"ListItem\",\"position\":1,\"name\":\"Portada\",\"item\":\"https:\/\/www.guitarraul.com\/en\/\"},{\"@type\":\"ListItem\",\"position\":2,\"name\":\"Scores Store\",\"item\":\"https:\/\/www.guitarraul.com\/en\/scores-store\/\"},{\"@type\":\"ListItem\",\"position\":3,\"name\":\"Fol\u00edas de Espa\u00f1a Op.15 (SOR)\"}]},{\"@type\":\"WebSite\",\"@id\":\"https:\/\/www.guitarraul.com\/#website\",\"url\":\"https:\/\/www.guitarraul.com\/\",\"name\":\"Guitarraul\",\"description\":\"Partituras y Arreglos para Guitarra Clasica\",\"potentialAction\":[{\"@type\":\"SearchAction\",\"target\":{\"@type\":\"EntryPoint\",\"urlTemplate\":\"https:\/\/www.guitarraul.com\/?s={search_term_string}\"},\"query-input\":{\"@type\":\"PropertyValueSpecification\",\"valueRequired\":true,\"valueName\":\"search_term_string\"}}],\"inLanguage\":\"en-US\"}]}<\/script>\n<!-- \/ Yoast SEO plugin. -->","yoast_head_json":{"title":"Fol\u00edas de Espa\u00f1a Op.15 (SOR) - Guitarraul","robots":{"index":"index","follow":"follow","max-snippet":"max-snippet:-1","max-image-preview":"max-image-preview:large","max-video-preview":"max-video-preview:-1"},"canonical":"https:\/\/www.guitarraul.com\/en\/partitura\/folias-de-espana-op-15-sor\/","og_locale":"en_US","og_type":"article","og_title":"Fol\u00edas de Espa\u00f1a Op.15 (SOR) - Guitarraul","og_description":"GUITAR TRIO  La Fol\u00eda\u00a0(Spanish), or\u00a0Follies of Spain (English), \u00a0is one of the oldest remembered European musical themes, or primary material, generally melodic.  Slurs, Change of position, Chords,...  Also available for guitar orchestra, with optional bass","og_url":"https:\/\/www.guitarraul.com\/en\/partitura\/folias-de-espana-op-15-sor\/","og_site_name":"Guitarraul","article_modified_time":"2022-03-23T09:43:36+00:00","og_image":[{"width":800,"height":800,"url":"https:\/\/www.guitarraul.com\/contenidos-guitarraul\/uploads\/2019\/09\/FOLIAS-de-Espa\u00f1a-SOR-English.jpg","type":"image\/jpeg"}],"twitter_card":"summary_large_image","schema":{"@context":"https:\/\/schema.org","@graph":[{"@type":"WebPage","@id":"https:\/\/www.guitarraul.com\/en\/partitura\/folias-de-espana-op-15-sor\/","url":"https:\/\/www.guitarraul.com\/en\/partitura\/folias-de-espana-op-15-sor\/","name":"Fol\u00edas de Espa\u00f1a Op.15 (SOR) - Guitarraul","isPartOf":{"@id":"https:\/\/www.guitarraul.com\/#website"},"primaryImageOfPage":{"@id":"https:\/\/www.guitarraul.com\/en\/partitura\/folias-de-espana-op-15-sor\/#primaryimage"},"image":{"@id":"https:\/\/www.guitarraul.com\/en\/partitura\/folias-de-espana-op-15-sor\/#primaryimage"},"thumbnailUrl":"https:\/\/www.guitarraul.com\/contenidos-guitarraul\/uploads\/2019\/09\/FOLIAS-de-Espa\u00f1a-SOR-English.jpg","datePublished":"2019-09-27T06:30:05+00:00","dateModified":"2022-03-23T09:43:36+00:00","breadcrumb":{"@id":"https:\/\/www.guitarraul.com\/en\/partitura\/folias-de-espana-op-15-sor\/#breadcrumb"},"inLanguage":"en-US","potentialAction":[{"@type":"ReadAction","target":["https:\/\/www.guitarraul.com\/en\/partitura\/folias-de-espana-op-15-sor\/"]}]},{"@type":"ImageObject","inLanguage":"en-US","@id":"https:\/\/www.guitarraul.com\/en\/partitura\/folias-de-espana-op-15-sor\/#primaryimage","url":"https:\/\/www.guitarraul.com\/contenidos-guitarraul\/uploads\/2019\/09\/FOLIAS-de-Espa\u00f1a-SOR-English.jpg","contentUrl":"https:\/\/www.guitarraul.com\/contenidos-guitarraul\/uploads\/2019\/09\/FOLIAS-de-Espa\u00f1a-SOR-English.jpg","width":800,"height":800},{"@type":"BreadcrumbList","@id":"https:\/\/www.guitarraul.com\/en\/partitura\/folias-de-espana-op-15-sor\/#breadcrumb","itemListElement":[{"@type":"ListItem","position":1,"name":"Portada","item":"https:\/\/www.guitarraul.com\/en\/"},{"@type":"ListItem","position":2,"name":"Scores Store","item":"https:\/\/www.guitarraul.com\/en\/scores-store\/"},{"@type":"ListItem","position":3,"name":"Fol\u00edas de Espa\u00f1a Op.15 (SOR)"}]},{"@type":"WebSite","@id":"https:\/\/www.guitarraul.com\/#website","url":"https:\/\/www.guitarraul.com\/","name":"Guitarraul","description":"Partituras y Arreglos para Guitarra Clasica","potentialAction":[{"@type":"SearchAction","target":{"@type":"EntryPoint","urlTemplate":"https:\/\/www.guitarraul.com\/?s={search_term_string}"},"query-input":{"@type":"PropertyValueSpecification","valueRequired":true,"valueName":"search_term_string"}}],"inLanguage":"en-US"}]}},"_links":{"self":[{"href":"https:\/\/www.guitarraul.com\/en\/wp-json\/wp\/v2\/product\/11735","targetHints":{"allow":["GET"]}}],"collection":[{"href":"https:\/\/www.guitarraul.com\/en\/wp-json\/wp\/v2\/product"}],"about":[{"href":"https:\/\/www.guitarraul.com\/en\/wp-json\/wp\/v2\/types\/product"}],"wp:featuredmedia":[{"embeddable":true,"href":"https:\/\/www.guitarraul.com\/en\/wp-json\/wp\/v2\/media\/11736"}],"wp:attachment":[{"href":"https:\/\/www.guitarraul.com\/en\/wp-json\/wp\/v2\/media?parent=11735"}],"wp:term":[{"taxonomy":"product_brand","embeddable":true,"href":"https:\/\/www.guitarraul.com\/en\/wp-json\/wp\/v2\/product_brand?post=11735"},{"taxonomy":"product_cat","embeddable":true,"href":"https:\/\/www.guitarraul.com\/en\/wp-json\/wp\/v2\/product_cat?post=11735"},{"taxonomy":"product_tag","embeddable":true,"href":"https:\/\/www.guitarraul.com\/en\/wp-json\/wp\/v2\/product_tag?post=11735"}],"curies":[{"name":"wp","href":"https:\/\/api.w.org\/{rel}","templated":true}]}}