{"id":10294,"date":"2019-06-27T10:48:15","date_gmt":"2019-07-30T16:31:54","guid":{"rendered":"https:\/\/www.guitarraul.com\/partitura\/comptine-dun-autre-ete-amelie\/"},"modified":"2022-01-12T10:23:06","modified_gmt":"2022-01-12T09:23:06","slug":"comptine-dun-autre-ete-amelie","status":"publish","type":"product","link":"https:\/\/www.guitarraul.com\/en\/partitura\/comptine-dun-autre-ete-amelie\/","title":{"rendered":"Comptine d\u00b4un autre \u00e8t\u00e8 &#8220;Amelie&#8221;"},"content":{"rendered":"","protected":false},"excerpt":{"rendered":"<p><span style=\"color: #993300;\"><strong>GUITAR QUARTET<\/strong><\/span><\/p>\n<p>Comptine d\u2019un autre \u00e9t\u00e9, one of the most beautiful compositions by <strong>Yann Tiersen,<\/strong> included on the soundtrack of Am\u00e9lie Poulain&#8217;s Fabulous Fate.<\/p>\n<p>https:\/\/youtu.be\/atEV8dbPwSE<\/p>\n<p>&nbsp;<\/p>\n<p><em>Right Hand: Index and Middle Rest Stroke. Arpeggios for three fingers.Left hand: Position changes. Natural harmonics. Slurs.<\/em><br \/>\n<em>Also valid for guitar orchestra. Bass Guitar optional.<\/em><\/p>\n","protected":false},"featured_media":11482,"template":"","meta":{"_acf_changed":false},"product_brand":[234],"product_cat":[159,153,162],"product_tag":[174],"class_list":{"0":"post-10294","1":"product","2":"type-product","3":"status-publish","4":"has-post-thumbnail","6":"product_brand-film-score-en","7":"product_cat-didactic-works","8":"product_cat-guitar-orchestra","9":"product_cat-guitar-quarters","10":"product_tag-greatest-hits-en","11":"description-off","13":"first","14":"instock","15":"downloadable","16":"virtual","17":"sold-individually","18":"taxable","19":"purchasable","20":"product-type-simple"},"acf":[],"yoast_head":"<!-- This site is optimized with the Yoast SEO plugin v26.9 - https:\/\/yoast.com\/product\/yoast-seo-wordpress\/ -->\n<title>Comptine d\u00b4un autre \u00e8t\u00e8 &quot;Amelie&quot; - Guitarraul<\/title>\n<meta name=\"description\" content=\"Sheet music for guitar quartet for Comptine d\u2019un autre \u00e9t\u00e9, one of the most beautiful compositions by Yann Tiersen, included on the soundtrack of Am\u00e9lie Poulain&#039;s Fabulous Fate. With optional bass, valid for guitar orchestra.\" \/>\n<meta name=\"robots\" content=\"index, follow, max-snippet:-1, max-image-preview:large, max-video-preview:-1\" \/>\n<link rel=\"canonical\" href=\"https:\/\/www.guitarraul.com\/partitura\/comptine-dun-autre-ete-amelie-4-gts\/\" \/>\n<meta property=\"og:locale\" content=\"en_US\" \/>\n<meta property=\"og:type\" content=\"article\" \/>\n<meta property=\"og:title\" content=\"Comptine d\u00b4un autre \u00e8t\u00e8 &quot;Amelie&quot; - Guitarraul\" \/>\n<meta property=\"og:description\" content=\"Sheet music for guitar quartet for Comptine d\u2019un autre \u00e9t\u00e9, one of the most beautiful compositions by Yann Tiersen, included on the soundtrack of Am\u00e9lie Poulain&#039;s Fabulous Fate. With optional bass, valid for guitar orchestra.\" \/>\n<meta property=\"og:url\" content=\"https:\/\/www.guitarraul.com\/partitura\/comptine-dun-autre-ete-amelie-4-gts\/\" \/>\n<meta property=\"og:site_name\" content=\"Guitarraul\" \/>\n<meta property=\"article:modified_time\" content=\"2022-01-12T09:23:06+00:00\" \/>\n<meta property=\"og:image\" content=\"https:\/\/www.guitarraul.com\/contenidos-guitarraul\/uploads\/2019\/07\/0000325_comptine_dun_autre_t_amelie.jpg\" \/>\n\t<meta property=\"og:image:width\" content=\"800\" \/>\n\t<meta property=\"og:image:height\" content=\"800\" \/>\n\t<meta property=\"og:image:type\" content=\"image\/jpeg\" \/>\n<meta name=\"twitter:card\" content=\"summary_large_image\" \/>\n<script type=\"application\/ld+json\" class=\"yoast-schema-graph\">{\"@context\":\"https:\/\/schema.org\",\"@graph\":[{\"@type\":\"WebPage\",\"@id\":\"https:\/\/www.guitarraul.com\/partitura\/comptine-dun-autre-ete-amelie-4-gts\/\",\"url\":\"https:\/\/www.guitarraul.com\/partitura\/comptine-dun-autre-ete-amelie-4-gts\/\",\"name\":\"Comptine d\u00b4un autre \u00e8t\u00e8 \\\"Amelie\\\" - Guitarraul\",\"isPartOf\":{\"@id\":\"https:\/\/www.guitarraul.com\/#website\"},\"primaryImageOfPage\":{\"@id\":\"https:\/\/www.guitarraul.com\/partitura\/comptine-dun-autre-ete-amelie-4-gts\/#primaryimage\"},\"image\":{\"@id\":\"https:\/\/www.guitarraul.com\/partitura\/comptine-dun-autre-ete-amelie-4-gts\/#primaryimage\"},\"thumbnailUrl\":\"https:\/\/www.guitarraul.com\/contenidos-guitarraul\/uploads\/2019\/07\/0000325_comptine_dun_autre_t_amelie.jpg\",\"datePublished\":\"2019-07-30T16:31:54+00:00\",\"dateModified\":\"2022-01-12T09:23:06+00:00\",\"description\":\"Sheet music for guitar quartet for Comptine d\u2019un autre \u00e9t\u00e9, one of the most beautiful compositions by Yann Tiersen, included on the soundtrack of Am\u00e9lie Poulain's Fabulous Fate. With optional bass, valid for guitar orchestra.\",\"breadcrumb\":{\"@id\":\"https:\/\/www.guitarraul.com\/partitura\/comptine-dun-autre-ete-amelie-4-gts\/#breadcrumb\"},\"inLanguage\":\"en-US\",\"potentialAction\":[{\"@type\":\"ReadAction\",\"target\":[\"https:\/\/www.guitarraul.com\/partitura\/comptine-dun-autre-ete-amelie-4-gts\/\"]}]},{\"@type\":\"ImageObject\",\"inLanguage\":\"en-US\",\"@id\":\"https:\/\/www.guitarraul.com\/partitura\/comptine-dun-autre-ete-amelie-4-gts\/#primaryimage\",\"url\":\"https:\/\/www.guitarraul.com\/contenidos-guitarraul\/uploads\/2019\/07\/0000325_comptine_dun_autre_t_amelie.jpg\",\"contentUrl\":\"https:\/\/www.guitarraul.com\/contenidos-guitarraul\/uploads\/2019\/07\/0000325_comptine_dun_autre_t_amelie.jpg\",\"width\":800,\"height\":800},{\"@type\":\"BreadcrumbList\",\"@id\":\"https:\/\/www.guitarraul.com\/partitura\/comptine-dun-autre-ete-amelie-4-gts\/#breadcrumb\",\"itemListElement\":[{\"@type\":\"ListItem\",\"position\":1,\"name\":\"Portada\",\"item\":\"https:\/\/www.guitarraul.com\/en\/\"},{\"@type\":\"ListItem\",\"position\":2,\"name\":\"Scores Store\",\"item\":\"https:\/\/www.guitarraul.com\/en\/scores-store\/\"},{\"@type\":\"ListItem\",\"position\":3,\"name\":\"Comptine d\u00b4un autre \u00e8t\u00e8 &#8220;Amelie&#8221;\"}]},{\"@type\":\"WebSite\",\"@id\":\"https:\/\/www.guitarraul.com\/#website\",\"url\":\"https:\/\/www.guitarraul.com\/\",\"name\":\"Guitarraul\",\"description\":\"Partituras y Arreglos para Guitarra Clasica\",\"potentialAction\":[{\"@type\":\"SearchAction\",\"target\":{\"@type\":\"EntryPoint\",\"urlTemplate\":\"https:\/\/www.guitarraul.com\/?s={search_term_string}\"},\"query-input\":{\"@type\":\"PropertyValueSpecification\",\"valueRequired\":true,\"valueName\":\"search_term_string\"}}],\"inLanguage\":\"en-US\"}]}<\/script>\n<!-- \/ Yoast SEO plugin. -->","yoast_head_json":{"title":"Comptine d\u00b4un autre \u00e8t\u00e8 \"Amelie\" - Guitarraul","description":"Sheet music for guitar quartet for Comptine d\u2019un autre \u00e9t\u00e9, one of the most beautiful compositions by Yann Tiersen, included on the soundtrack of Am\u00e9lie Poulain's Fabulous Fate. With optional bass, valid for guitar orchestra.","robots":{"index":"index","follow":"follow","max-snippet":"max-snippet:-1","max-image-preview":"max-image-preview:large","max-video-preview":"max-video-preview:-1"},"canonical":"https:\/\/www.guitarraul.com\/partitura\/comptine-dun-autre-ete-amelie-4-gts\/","og_locale":"en_US","og_type":"article","og_title":"Comptine d\u00b4un autre \u00e8t\u00e8 \"Amelie\" - Guitarraul","og_description":"Sheet music for guitar quartet for Comptine d\u2019un autre \u00e9t\u00e9, one of the most beautiful compositions by Yann Tiersen, included on the soundtrack of Am\u00e9lie Poulain's Fabulous Fate. With optional bass, valid for guitar orchestra.","og_url":"https:\/\/www.guitarraul.com\/partitura\/comptine-dun-autre-ete-amelie-4-gts\/","og_site_name":"Guitarraul","article_modified_time":"2022-01-12T09:23:06+00:00","og_image":[{"width":800,"height":800,"url":"https:\/\/www.guitarraul.com\/contenidos-guitarraul\/uploads\/2019\/07\/0000325_comptine_dun_autre_t_amelie.jpg","type":"image\/jpeg"}],"twitter_card":"summary_large_image","schema":{"@context":"https:\/\/schema.org","@graph":[{"@type":"WebPage","@id":"https:\/\/www.guitarraul.com\/partitura\/comptine-dun-autre-ete-amelie-4-gts\/","url":"https:\/\/www.guitarraul.com\/partitura\/comptine-dun-autre-ete-amelie-4-gts\/","name":"Comptine d\u00b4un autre \u00e8t\u00e8 \"Amelie\" - Guitarraul","isPartOf":{"@id":"https:\/\/www.guitarraul.com\/#website"},"primaryImageOfPage":{"@id":"https:\/\/www.guitarraul.com\/partitura\/comptine-dun-autre-ete-amelie-4-gts\/#primaryimage"},"image":{"@id":"https:\/\/www.guitarraul.com\/partitura\/comptine-dun-autre-ete-amelie-4-gts\/#primaryimage"},"thumbnailUrl":"https:\/\/www.guitarraul.com\/contenidos-guitarraul\/uploads\/2019\/07\/0000325_comptine_dun_autre_t_amelie.jpg","datePublished":"2019-07-30T16:31:54+00:00","dateModified":"2022-01-12T09:23:06+00:00","description":"Sheet music for guitar quartet for Comptine d\u2019un autre \u00e9t\u00e9, one of the most beautiful compositions by Yann Tiersen, included on the soundtrack of Am\u00e9lie Poulain's Fabulous Fate. With optional bass, valid for guitar orchestra.","breadcrumb":{"@id":"https:\/\/www.guitarraul.com\/partitura\/comptine-dun-autre-ete-amelie-4-gts\/#breadcrumb"},"inLanguage":"en-US","potentialAction":[{"@type":"ReadAction","target":["https:\/\/www.guitarraul.com\/partitura\/comptine-dun-autre-ete-amelie-4-gts\/"]}]},{"@type":"ImageObject","inLanguage":"en-US","@id":"https:\/\/www.guitarraul.com\/partitura\/comptine-dun-autre-ete-amelie-4-gts\/#primaryimage","url":"https:\/\/www.guitarraul.com\/contenidos-guitarraul\/uploads\/2019\/07\/0000325_comptine_dun_autre_t_amelie.jpg","contentUrl":"https:\/\/www.guitarraul.com\/contenidos-guitarraul\/uploads\/2019\/07\/0000325_comptine_dun_autre_t_amelie.jpg","width":800,"height":800},{"@type":"BreadcrumbList","@id":"https:\/\/www.guitarraul.com\/partitura\/comptine-dun-autre-ete-amelie-4-gts\/#breadcrumb","itemListElement":[{"@type":"ListItem","position":1,"name":"Portada","item":"https:\/\/www.guitarraul.com\/en\/"},{"@type":"ListItem","position":2,"name":"Scores Store","item":"https:\/\/www.guitarraul.com\/en\/scores-store\/"},{"@type":"ListItem","position":3,"name":"Comptine d\u00b4un autre \u00e8t\u00e8 &#8220;Amelie&#8221;"}]},{"@type":"WebSite","@id":"https:\/\/www.guitarraul.com\/#website","url":"https:\/\/www.guitarraul.com\/","name":"Guitarraul","description":"Partituras y Arreglos para Guitarra Clasica","potentialAction":[{"@type":"SearchAction","target":{"@type":"EntryPoint","urlTemplate":"https:\/\/www.guitarraul.com\/?s={search_term_string}"},"query-input":{"@type":"PropertyValueSpecification","valueRequired":true,"valueName":"search_term_string"}}],"inLanguage":"en-US"}]}},"_links":{"self":[{"href":"https:\/\/www.guitarraul.com\/en\/wp-json\/wp\/v2\/product\/10294","targetHints":{"allow":["GET"]}}],"collection":[{"href":"https:\/\/www.guitarraul.com\/en\/wp-json\/wp\/v2\/product"}],"about":[{"href":"https:\/\/www.guitarraul.com\/en\/wp-json\/wp\/v2\/types\/product"}],"wp:featuredmedia":[{"embeddable":true,"href":"https:\/\/www.guitarraul.com\/en\/wp-json\/wp\/v2\/media\/11482"}],"wp:attachment":[{"href":"https:\/\/www.guitarraul.com\/en\/wp-json\/wp\/v2\/media?parent=10294"}],"wp:term":[{"taxonomy":"product_brand","embeddable":true,"href":"https:\/\/www.guitarraul.com\/en\/wp-json\/wp\/v2\/product_brand?post=10294"},{"taxonomy":"product_cat","embeddable":true,"href":"https:\/\/www.guitarraul.com\/en\/wp-json\/wp\/v2\/product_cat?post=10294"},{"taxonomy":"product_tag","embeddable":true,"href":"https:\/\/www.guitarraul.com\/en\/wp-json\/wp\/v2\/product_tag?post=10294"}],"curies":[{"name":"wp","href":"https:\/\/api.w.org\/{rel}","templated":true}]}}