{"id":10114,"date":"2019-06-27T10:47:32","date_gmt":"2019-07-30T16:27:55","guid":{"rendered":"https:\/\/www.guitarraul.com\/partitura\/fogg\/"},"modified":"2019-07-30T18:27:56","modified_gmt":"2019-07-30T16:27:56","slug":"fogg","status":"publish","type":"product","link":"https:\/\/www.guitarraul.com\/en\/partitura\/fogg\/","title":{"rendered":"fogg"},"content":{"rendered":"","protected":false},"excerpt":{"rendered":"<p>Mano derecha: Uso del \u00edndice y medio en t\u00e9cnica \u0093Apoyando\u0094 y combinaci\u00f3n en arpegio de pulgar, \u00edndice y medio en t\u00e9cnica \u0093tirando\u0094.<br \/>\nMano izquierda: Cambios de posici\u00f3n. Uso de Posici\u00f3n I, III y V. Uso ocasional de media cejilla en el traste I.<\/p>\n","protected":false},"featured_media":8406,"template":"","meta":{"_acf_changed":false},"product_brand":[190],"product_cat":[39],"product_tag":[],"class_list":{"0":"post-10114","1":"product","2":"type-product","3":"status-publish","4":"has-post-thumbnail","6":"product_brand-popular-ireland","7":"product_cat-trios-de-concierto","8":"description-off","10":"first","11":"instock","12":"downloadable","13":"virtual","14":"sold-individually","15":"taxable","16":"purchasable","17":"product-type-simple"},"acf":[],"yoast_head":"<!-- This site is optimized with the Yoast SEO plugin v26.9 - https:\/\/yoast.com\/product\/yoast-seo-wordpress\/ -->\n<title>fogg - Guitarraul<\/title>\n<meta name=\"robots\" content=\"index, follow, max-snippet:-1, max-image-preview:large, max-video-preview:-1\" \/>\n<link rel=\"canonical\" href=\"https:\/\/www.guitarraul.com\/en\/partitura\/fogg\/\" \/>\n<meta property=\"og:locale\" content=\"en_US\" \/>\n<meta property=\"og:type\" content=\"article\" \/>\n<meta property=\"og:title\" content=\"fogg - Guitarraul\" \/>\n<meta property=\"og:description\" content=\"Mano derecha: Uso del \u00edndice y medio en t\u00e9cnica \u0093Apoyando\u0094 y combinaci\u00f3n en arpegio de pulgar, \u00edndice y medio en t\u00e9cnica \u0093tirando\u0094. Mano izquierda: Cambios de posici\u00f3n. Uso de Posici\u00f3n I, III y V. Uso ocasional de media cejilla en el traste I.\" \/>\n<meta property=\"og:url\" content=\"https:\/\/www.guitarraul.com\/en\/partitura\/fogg\/\" \/>\n<meta property=\"og:site_name\" content=\"Guitarraul\" \/>\n<meta property=\"article:modified_time\" content=\"2019-07-30T16:27:56+00:00\" \/>\n<meta property=\"og:image\" content=\"https:\/\/www.guitarraul.com\/contenidos-guitarraul\/uploads\/2019\/05\/0000002_the_foggy_dew.jpeg\" \/>\n\t<meta property=\"og:image:width\" content=\"1280\" \/>\n\t<meta property=\"og:image:height\" content=\"996\" \/>\n\t<meta property=\"og:image:type\" content=\"image\/jpeg\" \/>\n<meta name=\"twitter:card\" content=\"summary_large_image\" \/>\n<script type=\"application\/ld+json\" class=\"yoast-schema-graph\">{\"@context\":\"https:\/\/schema.org\",\"@graph\":[{\"@type\":\"WebPage\",\"@id\":\"https:\/\/www.guitarraul.com\/en\/partitura\/fogg\/\",\"url\":\"https:\/\/www.guitarraul.com\/en\/partitura\/fogg\/\",\"name\":\"fogg - Guitarraul\",\"isPartOf\":{\"@id\":\"https:\/\/www.guitarraul.com\/#website\"},\"primaryImageOfPage\":{\"@id\":\"https:\/\/www.guitarraul.com\/en\/partitura\/fogg\/#primaryimage\"},\"image\":{\"@id\":\"https:\/\/www.guitarraul.com\/en\/partitura\/fogg\/#primaryimage\"},\"thumbnailUrl\":\"https:\/\/www.guitarraul.com\/contenidos-guitarraul\/uploads\/2019\/05\/0000002_the_foggy_dew.jpeg\",\"datePublished\":\"2019-07-30T16:27:55+00:00\",\"dateModified\":\"2019-07-30T16:27:56+00:00\",\"breadcrumb\":{\"@id\":\"https:\/\/www.guitarraul.com\/en\/partitura\/fogg\/#breadcrumb\"},\"inLanguage\":\"en-US\",\"potentialAction\":[{\"@type\":\"ReadAction\",\"target\":[\"https:\/\/www.guitarraul.com\/en\/partitura\/fogg\/\"]}]},{\"@type\":\"ImageObject\",\"inLanguage\":\"en-US\",\"@id\":\"https:\/\/www.guitarraul.com\/en\/partitura\/fogg\/#primaryimage\",\"url\":\"https:\/\/www.guitarraul.com\/contenidos-guitarraul\/uploads\/2019\/05\/0000002_the_foggy_dew.jpeg\",\"contentUrl\":\"https:\/\/www.guitarraul.com\/contenidos-guitarraul\/uploads\/2019\/05\/0000002_the_foggy_dew.jpeg\",\"width\":1280,\"height\":996},{\"@type\":\"BreadcrumbList\",\"@id\":\"https:\/\/www.guitarraul.com\/en\/partitura\/fogg\/#breadcrumb\",\"itemListElement\":[{\"@type\":\"ListItem\",\"position\":1,\"name\":\"Portada\",\"item\":\"https:\/\/www.guitarraul.com\/en\/\"},{\"@type\":\"ListItem\",\"position\":2,\"name\":\"Scores Store\",\"item\":\"https:\/\/www.guitarraul.com\/en\/scores-store\/\"},{\"@type\":\"ListItem\",\"position\":3,\"name\":\"fogg\"}]},{\"@type\":\"WebSite\",\"@id\":\"https:\/\/www.guitarraul.com\/#website\",\"url\":\"https:\/\/www.guitarraul.com\/\",\"name\":\"Guitarraul\",\"description\":\"Partituras y Arreglos para Guitarra Clasica\",\"potentialAction\":[{\"@type\":\"SearchAction\",\"target\":{\"@type\":\"EntryPoint\",\"urlTemplate\":\"https:\/\/www.guitarraul.com\/?s={search_term_string}\"},\"query-input\":{\"@type\":\"PropertyValueSpecification\",\"valueRequired\":true,\"valueName\":\"search_term_string\"}}],\"inLanguage\":\"en-US\"}]}<\/script>\n<!-- \/ Yoast SEO plugin. -->","yoast_head_json":{"title":"fogg - Guitarraul","robots":{"index":"index","follow":"follow","max-snippet":"max-snippet:-1","max-image-preview":"max-image-preview:large","max-video-preview":"max-video-preview:-1"},"canonical":"https:\/\/www.guitarraul.com\/en\/partitura\/fogg\/","og_locale":"en_US","og_type":"article","og_title":"fogg - Guitarraul","og_description":"Mano derecha: Uso del \u00edndice y medio en t\u00e9cnica \u0093Apoyando\u0094 y combinaci\u00f3n en arpegio de pulgar, \u00edndice y medio en t\u00e9cnica \u0093tirando\u0094. Mano izquierda: Cambios de posici\u00f3n. Uso de Posici\u00f3n I, III y V. Uso ocasional de media cejilla en el traste I.","og_url":"https:\/\/www.guitarraul.com\/en\/partitura\/fogg\/","og_site_name":"Guitarraul","article_modified_time":"2019-07-30T16:27:56+00:00","og_image":[{"width":1280,"height":996,"url":"https:\/\/www.guitarraul.com\/contenidos-guitarraul\/uploads\/2019\/05\/0000002_the_foggy_dew.jpeg","type":"image\/jpeg"}],"twitter_card":"summary_large_image","schema":{"@context":"https:\/\/schema.org","@graph":[{"@type":"WebPage","@id":"https:\/\/www.guitarraul.com\/en\/partitura\/fogg\/","url":"https:\/\/www.guitarraul.com\/en\/partitura\/fogg\/","name":"fogg - Guitarraul","isPartOf":{"@id":"https:\/\/www.guitarraul.com\/#website"},"primaryImageOfPage":{"@id":"https:\/\/www.guitarraul.com\/en\/partitura\/fogg\/#primaryimage"},"image":{"@id":"https:\/\/www.guitarraul.com\/en\/partitura\/fogg\/#primaryimage"},"thumbnailUrl":"https:\/\/www.guitarraul.com\/contenidos-guitarraul\/uploads\/2019\/05\/0000002_the_foggy_dew.jpeg","datePublished":"2019-07-30T16:27:55+00:00","dateModified":"2019-07-30T16:27:56+00:00","breadcrumb":{"@id":"https:\/\/www.guitarraul.com\/en\/partitura\/fogg\/#breadcrumb"},"inLanguage":"en-US","potentialAction":[{"@type":"ReadAction","target":["https:\/\/www.guitarraul.com\/en\/partitura\/fogg\/"]}]},{"@type":"ImageObject","inLanguage":"en-US","@id":"https:\/\/www.guitarraul.com\/en\/partitura\/fogg\/#primaryimage","url":"https:\/\/www.guitarraul.com\/contenidos-guitarraul\/uploads\/2019\/05\/0000002_the_foggy_dew.jpeg","contentUrl":"https:\/\/www.guitarraul.com\/contenidos-guitarraul\/uploads\/2019\/05\/0000002_the_foggy_dew.jpeg","width":1280,"height":996},{"@type":"BreadcrumbList","@id":"https:\/\/www.guitarraul.com\/en\/partitura\/fogg\/#breadcrumb","itemListElement":[{"@type":"ListItem","position":1,"name":"Portada","item":"https:\/\/www.guitarraul.com\/en\/"},{"@type":"ListItem","position":2,"name":"Scores Store","item":"https:\/\/www.guitarraul.com\/en\/scores-store\/"},{"@type":"ListItem","position":3,"name":"fogg"}]},{"@type":"WebSite","@id":"https:\/\/www.guitarraul.com\/#website","url":"https:\/\/www.guitarraul.com\/","name":"Guitarraul","description":"Partituras y Arreglos para Guitarra Clasica","potentialAction":[{"@type":"SearchAction","target":{"@type":"EntryPoint","urlTemplate":"https:\/\/www.guitarraul.com\/?s={search_term_string}"},"query-input":{"@type":"PropertyValueSpecification","valueRequired":true,"valueName":"search_term_string"}}],"inLanguage":"en-US"}]}},"_links":{"self":[{"href":"https:\/\/www.guitarraul.com\/en\/wp-json\/wp\/v2\/product\/10114","targetHints":{"allow":["GET"]}}],"collection":[{"href":"https:\/\/www.guitarraul.com\/en\/wp-json\/wp\/v2\/product"}],"about":[{"href":"https:\/\/www.guitarraul.com\/en\/wp-json\/wp\/v2\/types\/product"}],"wp:featuredmedia":[{"embeddable":true,"href":"https:\/\/www.guitarraul.com\/en\/wp-json\/wp\/v2\/media\/8406"}],"wp:attachment":[{"href":"https:\/\/www.guitarraul.com\/en\/wp-json\/wp\/v2\/media?parent=10114"}],"wp:term":[{"taxonomy":"product_brand","embeddable":true,"href":"https:\/\/www.guitarraul.com\/en\/wp-json\/wp\/v2\/product_brand?post=10114"},{"taxonomy":"product_cat","embeddable":true,"href":"https:\/\/www.guitarraul.com\/en\/wp-json\/wp\/v2\/product_cat?post=10114"},{"taxonomy":"product_tag","embeddable":true,"href":"https:\/\/www.guitarraul.com\/en\/wp-json\/wp\/v2\/product_tag?post=10114"}],"curies":[{"name":"wp","href":"https:\/\/api.w.org\/{rel}","templated":true}]}}