{"id":8395,"date":"2019-04-12T11:45:57","date_gmt":"2019-04-12T09:45:57","guid":{"rendered":"https:\/\/www.guitarraul.com\/politica-privacidad\/"},"modified":"2019-07-23T10:18:21","modified_gmt":"2019-07-23T08:18:21","slug":"privacy-policy","status":"publish","type":"page","link":"https:\/\/www.guitarraul.com\/en\/privacy-policy\/","title":{"rendered":"Privacy Policy"},"content":{"rendered":"<section class=\"wpb-content-wrapper\"><p>[vc_row full_width=&#8221;stretch_row&#8221; bg_type=&#8221;bg_color&#8221; seperator_enable=&#8221;seperator_enable_value&#8221; seperator_type=&#8221;curve_down_seperator&#8221; seperator_position=&#8221;bottom_seperator&#8221; seperator_svg_height=&#8221;180&#8243; seperator_shape_background=&#8221;#ede8e0&#8243; el_id=&#8221;titulo&#8221; css=&#8221;.vc_custom_1555080041386{padding-top: 100px !important;padding-bottom: 100px !important;background-image: url(https:\/\/www.guitarraul.com\/contenidos-guitarraul\/uploads\/2019\/04\/top-aviso-legal.jpg?id=260) !important;}&#8221;][vc_column][vc_column_text]<\/p>\n<h1 class=\"titulo-custom\">Privacy Policy<\/h1>\n<p>[\/vc_column_text]<style type=\"text\/css\" data-type=\"the7_shortcodes-inline-css\">.dt-breadcrumbs-id-8125eaf870fb642b40b7219c6311bff9 .breadcrumbs {\n  display: inline-block;\n  margin: 0;\n  padding: 2px 8px 2px 8px;\n  background: rgba(0,0,0,0.01);\n  border: 0px solid ;\n  border-radius: 0px;\n}\n.dt-breadcrumbs-id-8125eaf870fb642b40b7219c6311bff9 .breadcrumbs * {\n  font-size: 14px;\n  font-style: ;\n  font-weight: ;\n  text-transform: ;\n  color: #ffffff;\n}\n<\/style><div class=\"dt-breadcrumbs-shortcode dt-breadcrumbs-id-8125eaf870fb642b40b7219c6311bff9 align-centre\"><div class=\"assistive-text\">You are here:<\/div><ol class=\"breadcrumbs text-small\" itemscope itemtype=\"https:\/\/schema.org\/BreadcrumbList\"><li itemprop=\"itemListElement\" itemscope itemtype=\"https:\/\/schema.org\/ListItem\"><a itemprop=\"item\" href=\"https:\/\/www.guitarraul.com\/en\/\" title=\"\"><span itemprop=\"name\">Home<\/span><\/a><meta itemprop=\"position\" content=\"1\" \/><\/li><li class=\"current\" itemprop=\"itemListElement\" itemscope itemtype=\"https:\/\/schema.org\/ListItem\"><span itemprop=\"name\">Page<\/span><meta itemprop=\"position\" content=\"2\" \/><\/li><\/ol><\/div>[\/vc_column][\/vc_row][vc_row][vc_column width=&#8221;1\/6&#8243;][\/vc_column][vc_column width=&#8221;2\/3&#8243;][vc_column_text css_animation=&#8221;fadeInUp&#8221;]En cumplimiento de la Ley Org\u00e1nica 15\/99 de 13 de Diciembre de Protecci\u00f3n de Datos de Car\u00e1cter Personal, Guitarraul cumple estrictamente con todas las medidas necesarias para garantizar la seguridad,integridad y privacidad de los datos aportados a trav\u00e9s de los formularios de recogida de datos insertados en el web site www.guitarraul.com.<br \/>\nLos datos personales introducidos libremente por el cliente en el formulario de la web ww.guitarraul.com, son empleados \u00fanica y exclusivamente por la empresa para realizar sus labores de gesti\u00f3n administrativa,t\u00e9cnica, y comercial.<br \/>\nEn ning\u00fan caso se ceder\u00e1n datos personales de nuestros clientes a terceros ajenos a la empresa sin consentimiento expreso del afectado.<br \/>\nLos datos recogidos en el formulario de sitio, se guardan en un fichero del cual se ha notificado su existencia a la Agencia Espa\u00f1ola de Protecci\u00f3n de datos y del cual es responsable Guitarraul.<\/p>\n<p>Asimismo, le informamos de la posibilidad de ejercer, en cualquier momento, los derechos de acceso, rectificaci\u00f3n, cancelaci\u00f3n y oposici\u00f3n de sus datos de car\u00e1cter personal mediante escrito dirigido a la direcci\u00f3n:<br \/>\nC\/Valdemoro, n\u00ba 16 PINTO 28320 (MADRID)(Spain)<br \/>\no bien mediante e-mail dirigido a contact@guitarraul.com<\/p>\n<p>La resoluci\u00f3n de cualquier conflicto, controversia o reclamaci\u00f3n derivada de la utilizaci\u00f3n de www.guitarraul.com, su contenido, o cualquiera de los productos y\/o servicios en el ofrecidos, est\u00e1 sometida la legislaci\u00f3n vigente espa\u00f1ola.<\/p>\n<p>Para dar cumplimiento con lo establecido en la Ley 34\/ 2006 , de 11 de enero, de servicios de la sociedad de la informaci\u00f3n y de comercio electr\u00f3nico, a continuaci\u00f3n se indican los datos de informaci\u00f3n general de este sitio web:<\/p>\n<p><strong>Marca comercial:<\/strong> guitarraul.com.<br \/>\n<strong>Domicilio social:<\/strong> C\/Valdemoro, n\u00ba 16 PINTO 28320 (MADRID)<br \/>\n<strong>Tel\u00e9fono:<\/strong> 91 692 45 23<br \/>\n<strong>e-mail:<\/strong> contact@guitarraul.com<br \/>\n[\/vc_column_text][\/vc_column][vc_column width=&#8221;1\/6&#8243;][\/vc_column][\/vc_row][vc_row full_width=&#8221;stretch_row&#8221; el_id=&#8221;bloque-newsletter&#8221; css=&#8221;.vc_custom_1554907146995{background-image: url(https:\/\/www.guitarraul.com\/contenidos-guitarraul\/uploads\/2019\/04\/boletin-de-catalogo-de-partituras.jpg?id=116) !important;background-position: center !important;background-repeat: no-repeat !important;background-size: cover !important;}&#8221;][vc_column][vc_column_text css_animation=&#8221;fadeInUp&#8221;]<\/p>\n<h2 class=\"h2-home blanco align-center\">Subscribe to our newsletter<\/h2>\n<p class=\"blanco align-center\">Get in you Email news about our scores catalog<br class=\"invisible-movil\" \/>and free scores<\/p>\n<div class=\"wpcf7 no-js\" id=\"wpcf7-f8345-o1\" lang=\"es-ES\" dir=\"ltr\" data-wpcf7-id=\"8345\">\n<div class=\"screen-reader-response\"><p role=\"status\" aria-live=\"polite\" aria-atomic=\"true\"><\/p> <ul><\/ul><\/div>\n<form action=\"\/en\/wp-json\/wp\/v2\/pages\/8395#wpcf7-f8345-o1\" method=\"post\" class=\"wpcf7-form init\" aria-label=\"Formulario de contacto\" novalidate=\"novalidate\" data-status=\"init\">\n<fieldset class=\"hidden-fields-container\"><input type=\"hidden\" name=\"_wpcf7\" value=\"8345\" \/><input type=\"hidden\" name=\"_wpcf7_version\" value=\"6.1.5\" \/><input type=\"hidden\" name=\"_wpcf7_locale\" value=\"es_ES\" \/><input type=\"hidden\" name=\"_wpcf7_unit_tag\" value=\"wpcf7-f8345-o1\" \/><input type=\"hidden\" name=\"_wpcf7_container_post\" value=\"0\" \/><input type=\"hidden\" name=\"_wpcf7_posted_data_hash\" value=\"\" \/><input type=\"hidden\" name=\"_wpcf7_recaptcha_response\" value=\"\" \/>\n<\/fieldset>\n<div class=\"newsletter-form-home\">\n\t<p><span class=\"wpcf7-form-control-wrap\" data-name=\"your-email\"><input size=\"40\" maxlength=\"400\" class=\"wpcf7-form-control wpcf7-email wpcf7-validates-as-required wpcf7-text wpcf7-validates-as-email\" aria-required=\"true\" aria-invalid=\"false\" placeholder=\"Type your Email\" value=\"\" type=\"email\" name=\"your-email\" \/><\/span><input class=\"wpcf7-form-control wpcf7-submit has-spinner\" type=\"submit\" value=\"Subscribe\" \/><br \/>\n<span class=\"wpcf7-form-control-wrap\" data-name=\"acceptance-143\"><span class=\"wpcf7-form-control wpcf7-acceptance\"><span class=\"wpcf7-list-item\"><label><input type=\"checkbox\" name=\"acceptance-143\" value=\"1\" aria-invalid=\"false\" \/><span class=\"wpcf7-list-item-label\">I Accept to receive newsletters from GUITARRAUL in accordance with the terms exposed in the <a href=\"\/en\/politica-privacidad\"  target=\"_blank\">privacy policy<\/a><\/span><\/label><\/span><\/span><\/span>\n\t<\/p>\n<\/div><div class=\"wpcf7-response-output\" aria-hidden=\"true\"><\/div>\n<\/form>\n<\/div>\n[\/vc_column_text][\/vc_column][\/vc_row]<\/p>\n<\/section>","protected":false},"excerpt":{"rendered":"<p>[vc_row full_width=&#8221;stretch_row&#8221; bg_type=&#8221;bg_color&#8221; seperator_enable=&#8221;seperator_enable_value&#8221; seperator_type=&#8221;curve_down_seperator&#8221; seperator_position=&#8221;bottom_seperator&#8221; seperator_svg_height=&#8221;180&#8243; seperator_shape_background=&#8221;#ede8e0&#8243; el_id=&#8221;titulo&#8221; css=&#8221;.vc_custom_1555080041386{padding-top: 100px !important;padding-bottom: 100px !important;background-image: url(https:\/\/www.guitarraul.com\/contenidos-guitarraul\/uploads\/2019\/04\/top-aviso-legal.jpg?id=260) !important;}&#8221;][vc_column][vc_column_text] Privacy Policy [\/vc_column_text][\/vc_column][\/vc_row][vc_row][vc_column width=&#8221;1\/6&#8243;][\/vc_column][vc_column width=&#8221;2\/3&#8243;][vc_column_text css_animation=&#8221;fadeInUp&#8221;]En cumplimiento de la Ley Org\u00e1nica 15\/99 de 13 de Diciembre de Protecci\u00f3n de Datos de Car\u00e1cter Personal, Guitarraul cumple estrictamente con todas las medidas necesarias para garantizar la seguridad,integridad y privacidad de los&hellip;<\/p>\n","protected":false},"author":1,"featured_media":0,"parent":0,"menu_order":0,"comment_status":"closed","ping_status":"closed","template":"","meta":{"_acf_changed":false},"class_list":["post-8395","page","type-page","status-publish","hentry","description-off"],"acf":[],"yoast_head":"<!-- This site is optimized with the Yoast SEO plugin v26.9 - https:\/\/yoast.com\/product\/yoast-seo-wordpress\/ -->\n<title>Privacy Policy - Guitarraul<\/title>\n<meta name=\"robots\" content=\"index, follow, max-snippet:-1, max-image-preview:large, max-video-preview:-1\" \/>\n<link rel=\"canonical\" href=\"https:\/\/www.guitarraul.com\/en\/privacy-policy\/\" \/>\n<meta property=\"og:locale\" content=\"en_US\" \/>\n<meta property=\"og:type\" content=\"article\" \/>\n<meta property=\"og:title\" content=\"Privacy Policy - Guitarraul\" \/>\n<meta property=\"og:description\" content=\"[vc_row full_width=&#8221;stretch_row&#8221; bg_type=&#8221;bg_color&#8221; seperator_enable=&#8221;seperator_enable_value&#8221; seperator_type=&#8221;curve_down_seperator&#8221; seperator_position=&#8221;bottom_seperator&#8221; seperator_svg_height=&#8221;180&#8243; seperator_shape_background=&#8221;#ede8e0&#8243; el_id=&#8221;titulo&#8221; css=&#8221;.vc_custom_1555080041386{padding-top: 100px !important;padding-bottom: 100px !important;background-image: url(https:\/\/www.guitarraul.com\/contenidos-guitarraul\/uploads\/2019\/04\/top-aviso-legal.jpg?id=260) !important;}&#8221;][vc_column][vc_column_text] Privacy Policy [\/vc_column_text][\/vc_column][\/vc_row][vc_row][vc_column width=&#8221;1\/6&#8243;][\/vc_column][vc_column width=&#8221;2\/3&#8243;][vc_column_text css_animation=&#8221;fadeInUp&#8221;]En cumplimiento de la Ley Org\u00e1nica 15\/99 de 13 de Diciembre de Protecci\u00f3n de Datos de Car\u00e1cter Personal, Guitarraul cumple estrictamente con todas las medidas necesarias para garantizar la seguridad,integridad y privacidad de los&hellip;\" \/>\n<meta property=\"og:url\" content=\"https:\/\/www.guitarraul.com\/en\/privacy-policy\/\" \/>\n<meta property=\"og:site_name\" content=\"Guitarraul\" \/>\n<meta property=\"article:modified_time\" content=\"2019-07-23T08:18:21+00:00\" \/>\n<meta name=\"twitter:card\" content=\"summary_large_image\" \/>\n<meta name=\"twitter:label1\" content=\"Est. reading time\" \/>\n\t<meta name=\"twitter:data1\" content=\"2 minutes\" \/>\n<script type=\"application\/ld+json\" class=\"yoast-schema-graph\">{\"@context\":\"https:\/\/schema.org\",\"@graph\":[{\"@type\":\"WebPage\",\"@id\":\"https:\/\/www.guitarraul.com\/en\/privacy-policy\/\",\"url\":\"https:\/\/www.guitarraul.com\/en\/privacy-policy\/\",\"name\":\"Privacy Policy - Guitarraul\",\"isPartOf\":{\"@id\":\"https:\/\/www.guitarraul.com\/#website\"},\"datePublished\":\"2019-04-12T09:45:57+00:00\",\"dateModified\":\"2019-07-23T08:18:21+00:00\",\"breadcrumb\":{\"@id\":\"https:\/\/www.guitarraul.com\/en\/privacy-policy\/#breadcrumb\"},\"inLanguage\":\"en-US\",\"potentialAction\":[{\"@type\":\"ReadAction\",\"target\":[\"https:\/\/www.guitarraul.com\/en\/privacy-policy\/\"]}]},{\"@type\":\"BreadcrumbList\",\"@id\":\"https:\/\/www.guitarraul.com\/en\/privacy-policy\/#breadcrumb\",\"itemListElement\":[{\"@type\":\"ListItem\",\"position\":1,\"name\":\"Portada\",\"item\":\"https:\/\/www.guitarraul.com\/en\/\"},{\"@type\":\"ListItem\",\"position\":2,\"name\":\"Privacy Policy\"}]},{\"@type\":\"WebSite\",\"@id\":\"https:\/\/www.guitarraul.com\/#website\",\"url\":\"https:\/\/www.guitarraul.com\/\",\"name\":\"Guitarraul\",\"description\":\"Partituras y Arreglos para Guitarra Clasica\",\"potentialAction\":[{\"@type\":\"SearchAction\",\"target\":{\"@type\":\"EntryPoint\",\"urlTemplate\":\"https:\/\/www.guitarraul.com\/?s={search_term_string}\"},\"query-input\":{\"@type\":\"PropertyValueSpecification\",\"valueRequired\":true,\"valueName\":\"search_term_string\"}}],\"inLanguage\":\"en-US\"}]}<\/script>\n<!-- \/ Yoast SEO plugin. -->","yoast_head_json":{"title":"Privacy Policy - Guitarraul","robots":{"index":"index","follow":"follow","max-snippet":"max-snippet:-1","max-image-preview":"max-image-preview:large","max-video-preview":"max-video-preview:-1"},"canonical":"https:\/\/www.guitarraul.com\/en\/privacy-policy\/","og_locale":"en_US","og_type":"article","og_title":"Privacy Policy - Guitarraul","og_description":"[vc_row full_width=&#8221;stretch_row&#8221; bg_type=&#8221;bg_color&#8221; seperator_enable=&#8221;seperator_enable_value&#8221; seperator_type=&#8221;curve_down_seperator&#8221; seperator_position=&#8221;bottom_seperator&#8221; seperator_svg_height=&#8221;180&#8243; seperator_shape_background=&#8221;#ede8e0&#8243; el_id=&#8221;titulo&#8221; css=&#8221;.vc_custom_1555080041386{padding-top: 100px !important;padding-bottom: 100px !important;background-image: url(https:\/\/www.guitarraul.com\/contenidos-guitarraul\/uploads\/2019\/04\/top-aviso-legal.jpg?id=260) !important;}&#8221;][vc_column][vc_column_text] Privacy Policy [\/vc_column_text][\/vc_column][\/vc_row][vc_row][vc_column width=&#8221;1\/6&#8243;][\/vc_column][vc_column width=&#8221;2\/3&#8243;][vc_column_text css_animation=&#8221;fadeInUp&#8221;]En cumplimiento de la Ley Org\u00e1nica 15\/99 de 13 de Diciembre de Protecci\u00f3n de Datos de Car\u00e1cter Personal, Guitarraul cumple estrictamente con todas las medidas necesarias para garantizar la seguridad,integridad y privacidad de los&hellip;","og_url":"https:\/\/www.guitarraul.com\/en\/privacy-policy\/","og_site_name":"Guitarraul","article_modified_time":"2019-07-23T08:18:21+00:00","twitter_card":"summary_large_image","twitter_misc":{"Est. reading time":"2 minutes"},"schema":{"@context":"https:\/\/schema.org","@graph":[{"@type":"WebPage","@id":"https:\/\/www.guitarraul.com\/en\/privacy-policy\/","url":"https:\/\/www.guitarraul.com\/en\/privacy-policy\/","name":"Privacy Policy - Guitarraul","isPartOf":{"@id":"https:\/\/www.guitarraul.com\/#website"},"datePublished":"2019-04-12T09:45:57+00:00","dateModified":"2019-07-23T08:18:21+00:00","breadcrumb":{"@id":"https:\/\/www.guitarraul.com\/en\/privacy-policy\/#breadcrumb"},"inLanguage":"en-US","potentialAction":[{"@type":"ReadAction","target":["https:\/\/www.guitarraul.com\/en\/privacy-policy\/"]}]},{"@type":"BreadcrumbList","@id":"https:\/\/www.guitarraul.com\/en\/privacy-policy\/#breadcrumb","itemListElement":[{"@type":"ListItem","position":1,"name":"Portada","item":"https:\/\/www.guitarraul.com\/en\/"},{"@type":"ListItem","position":2,"name":"Privacy Policy"}]},{"@type":"WebSite","@id":"https:\/\/www.guitarraul.com\/#website","url":"https:\/\/www.guitarraul.com\/","name":"Guitarraul","description":"Partituras y Arreglos para Guitarra Clasica","potentialAction":[{"@type":"SearchAction","target":{"@type":"EntryPoint","urlTemplate":"https:\/\/www.guitarraul.com\/?s={search_term_string}"},"query-input":{"@type":"PropertyValueSpecification","valueRequired":true,"valueName":"search_term_string"}}],"inLanguage":"en-US"}]}},"_links":{"self":[{"href":"https:\/\/www.guitarraul.com\/en\/wp-json\/wp\/v2\/pages\/8395","targetHints":{"allow":["GET"]}}],"collection":[{"href":"https:\/\/www.guitarraul.com\/en\/wp-json\/wp\/v2\/pages"}],"about":[{"href":"https:\/\/www.guitarraul.com\/en\/wp-json\/wp\/v2\/types\/page"}],"author":[{"embeddable":true,"href":"https:\/\/www.guitarraul.com\/en\/wp-json\/wp\/v2\/users\/1"}],"replies":[{"embeddable":true,"href":"https:\/\/www.guitarraul.com\/en\/wp-json\/wp\/v2\/comments?post=8395"}],"version-history":[{"count":0,"href":"https:\/\/www.guitarraul.com\/en\/wp-json\/wp\/v2\/pages\/8395\/revisions"}],"wp:attachment":[{"href":"https:\/\/www.guitarraul.com\/en\/wp-json\/wp\/v2\/media?parent=8395"}],"curies":[{"name":"wp","href":"https:\/\/api.w.org\/{rel}","templated":true}]}}