{"id":8287,"date":"2019-04-05T13:40:02","date_gmt":"2019-04-05T11:40:02","guid":{"rendered":"https:\/\/www.guitarraul.com\/contacto\/"},"modified":"2019-07-29T22:19:34","modified_gmt":"2019-07-29T20:19:34","slug":"contact-us","status":"publish","type":"page","link":"https:\/\/www.guitarraul.com\/en\/contact-us\/","title":{"rendered":"Contact Us"},"content":{"rendered":"<section class=\"wpb-content-wrapper\"><p>[vc_row full_width=&#8221;stretch_row&#8221; bg_type=&#8221;bg_color&#8221; seperator_enable=&#8221;seperator_enable_value&#8221; seperator_type=&#8221;curve_down_seperator&#8221; seperator_position=&#8221;bottom_seperator&#8221; seperator_svg_height=&#8221;180&#8243; seperator_shape_background=&#8221;#ede8e0&#8243; el_id=&#8221;titulo&#8221; css=&#8221;.vc_custom_1555079921481{padding-top: 100px !important;padding-bottom: 100px !important;background-image: url(https:\/\/www.guitarraul.com\/contenidos-guitarraul\/uploads\/2019\/04\/top-contacto.jpg?id=257) !important;}&#8221;][vc_column][vc_column_text]<\/p>\n<h1 class=\"titulo-custom\">Contact Us<\/h1>\n<p>[\/vc_column_text]<style type=\"text\/css\" data-type=\"the7_shortcodes-inline-css\">.dt-breadcrumbs-id-8125eaf870fb642b40b7219c6311bff9 .breadcrumbs {\n  display: inline-block;\n  margin: 0;\n  padding: 2px 8px 2px 8px;\n  background: rgba(0,0,0,0.01);\n  border: 0px solid ;\n  border-radius: 0px;\n}\n.dt-breadcrumbs-id-8125eaf870fb642b40b7219c6311bff9 .breadcrumbs * {\n  font-size: 14px;\n  font-style: ;\n  font-weight: ;\n  text-transform: ;\n  color: #ffffff;\n}\n<\/style><div class=\"dt-breadcrumbs-shortcode dt-breadcrumbs-id-8125eaf870fb642b40b7219c6311bff9 align-centre\"><div class=\"assistive-text\">You are here:<\/div><ol class=\"breadcrumbs text-small\" itemscope itemtype=\"https:\/\/schema.org\/BreadcrumbList\"><li itemprop=\"itemListElement\" itemscope itemtype=\"https:\/\/schema.org\/ListItem\"><a itemprop=\"item\" href=\"https:\/\/www.guitarraul.com\/en\/\" title=\"\"><span itemprop=\"name\">Home<\/span><\/a><meta itemprop=\"position\" content=\"1\" \/><\/li><li class=\"current\" itemprop=\"itemListElement\" itemscope itemtype=\"https:\/\/schema.org\/ListItem\"><span itemprop=\"name\">Page<\/span><meta itemprop=\"position\" content=\"2\" \/><\/li><\/ol><\/div>[\/vc_column][\/vc_row][vc_row el_id=&#8221;formulario&#8221;][vc_column][vc_column_text css_animation=&#8221;fadeInUp&#8221; css=&#8221;.vc_custom_1563810250367{padding-right: 100px !important;padding-left: 100px !important;}&#8221;]<\/p>\n<h3 class=\"align-center\">Please fill the form below to send us any doubts or comments:<\/h3>\n<p>[\/vc_column_text]\n<div class=\"wpcf7 no-js\" id=\"wpcf7-f8344-o1\" lang=\"es-ES\" dir=\"ltr\" data-wpcf7-id=\"8344\">\n<div class=\"screen-reader-response\"><p role=\"status\" aria-live=\"polite\" aria-atomic=\"true\"><\/p> <ul><\/ul><\/div>\n<form action=\"\/en\/wp-json\/wp\/v2\/pages\/8287#wpcf7-f8344-o1\" method=\"post\" class=\"wpcf7-form init\" aria-label=\"Formulario de contacto\" novalidate=\"novalidate\" data-status=\"init\">\n<fieldset class=\"hidden-fields-container\"><input type=\"hidden\" name=\"_wpcf7\" value=\"8344\" \/><input type=\"hidden\" name=\"_wpcf7_version\" value=\"6.1.5\" \/><input type=\"hidden\" name=\"_wpcf7_locale\" value=\"es_ES\" \/><input type=\"hidden\" name=\"_wpcf7_unit_tag\" value=\"wpcf7-f8344-o1\" \/><input type=\"hidden\" name=\"_wpcf7_container_post\" value=\"0\" \/><input type=\"hidden\" name=\"_wpcf7_posted_data_hash\" value=\"\" \/><input type=\"hidden\" name=\"_wpcf7_recaptcha_response\" value=\"\" \/>\n<\/fieldset>\n<div class=\"form-box\">\n\t<p><label><span class=\"wpcf7-form-control-wrap\" data-name=\"your-name\"><input size=\"40\" maxlength=\"400\" class=\"wpcf7-form-control wpcf7-text wpcf7-validates-as-required\" aria-required=\"true\" aria-invalid=\"false\" placeholder=\"Name\" value=\"\" type=\"text\" name=\"your-name\" \/><\/span><\/label>\n\t<\/p>\n\t<p><label><span class=\"wpcf7-form-control-wrap\" data-name=\"telefono\"><input size=\"40\" maxlength=\"400\" class=\"wpcf7-form-control wpcf7-text wpcf7-validates-as-required\" aria-required=\"true\" aria-invalid=\"false\" placeholder=\"Phone number\" value=\"\" type=\"text\" name=\"telefono\" \/><\/span><\/label>\n\t<\/p>\n\t<p><label><span class=\"wpcf7-form-control-wrap\" data-name=\"your-email\"><input size=\"40\" maxlength=\"400\" class=\"wpcf7-form-control wpcf7-email wpcf7-validates-as-required wpcf7-text wpcf7-validates-as-email\" aria-required=\"true\" aria-invalid=\"false\" placeholder=\"Email\" value=\"\" type=\"email\" name=\"your-email\" \/><\/span><\/label>\n\t<\/p>\n\t<p><label><span class=\"wpcf7-form-control-wrap\" data-name=\"your-message\"><textarea cols=\"40\" rows=\"10\" maxlength=\"2000\" class=\"wpcf7-form-control wpcf7-textarea\" aria-invalid=\"false\" placeholder=\"Your question\" name=\"your-message\"><\/textarea><\/span> <\/label>\n\t<\/p>\n\t<p><span class=\"wpcf7-form-control-wrap\" data-name=\"acceptance-579\"><span class=\"wpcf7-form-control wpcf7-acceptance\"><span class=\"wpcf7-list-item\"><label><input type=\"checkbox\" name=\"acceptance-579\" value=\"1\" aria-invalid=\"false\" \/><span class=\"wpcf7-list-item-label\">I have read and accept the <a href=\"politica-privacidad\"  target=\"_blank\">privacy policy<\/a><\/span><\/label><\/span><\/span><\/span>\n\t<\/p>\n\t<p><span class=\"wpcf7-form-control-wrap\" data-name=\"acceptance-143\"><span class=\"wpcf7-form-control wpcf7-acceptance optional\"><span class=\"wpcf7-list-item\"><label><input type=\"checkbox\" name=\"acceptance-143\" value=\"1\" aria-invalid=\"false\" \/><span class=\"wpcf7-list-item-label\">I Accept to receive newsletters from GUITARRAUL in accordance with the terms exposed in the <a href=\"\/en\/politica-privacidad\"  target=\"_blank\">privacy policy<\/a><\/span><\/label><\/span><\/span><\/span>\n\t<\/p>\n\t<p style=\"text-align:center\"><input class=\"wpcf7-form-control wpcf7-submit has-spinner\" type=\"submit\" value=\"Send\" \/>\n\t<\/p>\n<\/div><div class=\"wpcf7-response-output\" aria-hidden=\"true\"><\/div>\n<\/form>\n<\/div>\n[\/vc_column][\/vc_row][vc_row][vc_column width=&#8221;1\/6&#8243;][\/vc_column][vc_column width=&#8221;2\/3&#8243;][vc_column_text el_class=&#8221;p-small&#8221;]<strong>Responsable del tratamiento: <\/strong>Los datos tratados en el presente formulario, ser\u00e1n tratados por la empresa RAUL DE FRUTOS GARCIMARTIN con CIF 03449969S y domicilio en C\/ VALDEMORO, 16 &#8211; 28320 PINTO (MADRID) como Responsable del Tratamiento de los datos.<\/p>\n<p><strong>Finalidad:<\/strong> Le queremos informar que la finalidad de los datos recogidos es la gesti\u00f3n de usuarios de la p\u00e1gina web. Asimismo, en el caso de haber aceptado expresamente, sus datos tambi\u00e9n ser\u00e1n utilizados para el env\u00edo de comunicaciones comerciales.<\/p>\n<p><strong>Legitimaci\u00f3n:<\/strong> todas las finalidades indicadas anteriormente est\u00e1n basadas en el consentimiento (art\u00edculo 6.1.a RGPD) otorgado marcando la correspondiente casilla de verificaci\u00f3n. Sus datos personales ser\u00e1n tratados en base a nuestra \u201cpol\u00edtica de privacidad\u201d [redireccionar a documentaci\u00f3n legal detallada \u2013 segunda capa].<\/p>\n<p><strong>Negativa otorgar el consentimiento:<\/strong> El hecho de que no introduzcas los datos que aparecen marcados como obligatorios en el formulario tendr\u00e1 como consecuencia la no atenci\u00f3n de su solicitud.<\/p>\n<p><strong>Destinatarios:<\/strong> Sus datos no ser\u00e1n cedidos a ninguna empresa, salvo obligaci\u00f3n legal.<\/p>\n<p><strong>Derechos:<\/strong> Puede acceder, rectificar y suprimir sus datos, portabilidad de los datos, limitaci\u00f3n u oposici\u00f3n a su tratamiento, derecho a no ser objeto de decisiones automatizadas, as\u00ed como a obtener informaci\u00f3n clara y transparente sobre el tratamiento de sus datos, tal como se explica en la informaci\u00f3n adicional.<\/p>\n<p><strong>Derecho a presentar una reclamaci\u00f3n ante la Autoridad de Control (AEPD):<\/strong> Desde RAUL DE FRUTOS GARCIMARTIN ponemos el m\u00e1ximo empe\u00f1o para cumplir con la normativa de protecci\u00f3n de datos dado que es el activo m\u00e1s valioso para nosotros. No obstante, le informamos que en caso de que usted entienda que sus derechos se han visto menoscabados, puede escribirnos a la siguiente cuenta de correo electr\u00f3nico <a href=\"mailto:raulguit@yahoo.es\" target=\"_blank\" rel=\"noopener noreferrer\">raulguit@yahoo.es<\/a>, o subsidiariamente presentar una reclamaci\u00f3n ante la Agencia Espa\u00f1ola de Protecci\u00f3n de Datos (AEPD).<\/p>\n<p><strong>Informaci\u00f3n adicional:<\/strong> Puede consultar la informaci\u00f3n adicional y detallada sobre protecci\u00f3n de Datos en nuestra p\u00e1gina web: www.guitarraul.com<br \/>\n[\/vc_column_text][\/vc_column][vc_column width=&#8221;1\/6&#8243;][\/vc_column][\/vc_row][vc_row full_width=&#8221;stretch_row&#8221; el_id=&#8221;bloque-newsletter&#8221; css=&#8221;.vc_custom_1554907146995{background-image: url(https:\/\/www.guitarraul.com\/contenidos-guitarraul\/uploads\/2019\/04\/boletin-de-catalogo-de-partituras.jpg?id=116) !important;background-position: center !important;background-repeat: no-repeat !important;background-size: cover !important;}&#8221;][vc_column][vc_column_text css_animation=&#8221;fadeInUp&#8221;]<\/p>\n<h2 class=\"h2-home blanco align-center\">Subscribe to our newsletter<\/h2>\n<p class=\"blanco align-center\">Get in you Email news about our scores catalog<br class=\"invisible-movil\" \/>and free scores<\/p>\n<div class=\"wpcf7 no-js\" id=\"wpcf7-f8345-o2\" lang=\"es-ES\" dir=\"ltr\" data-wpcf7-id=\"8345\">\n<div class=\"screen-reader-response\"><p role=\"status\" aria-live=\"polite\" aria-atomic=\"true\"><\/p> <ul><\/ul><\/div>\n<form action=\"\/en\/wp-json\/wp\/v2\/pages\/8287#wpcf7-f8345-o2\" method=\"post\" class=\"wpcf7-form init\" aria-label=\"Formulario de contacto\" novalidate=\"novalidate\" data-status=\"init\">\n<fieldset class=\"hidden-fields-container\"><input type=\"hidden\" name=\"_wpcf7\" value=\"8345\" \/><input type=\"hidden\" name=\"_wpcf7_version\" value=\"6.1.5\" \/><input type=\"hidden\" name=\"_wpcf7_locale\" value=\"es_ES\" \/><input type=\"hidden\" name=\"_wpcf7_unit_tag\" value=\"wpcf7-f8345-o2\" \/><input type=\"hidden\" name=\"_wpcf7_container_post\" value=\"0\" \/><input type=\"hidden\" name=\"_wpcf7_posted_data_hash\" value=\"\" \/><input type=\"hidden\" name=\"_wpcf7_recaptcha_response\" value=\"\" \/>\n<\/fieldset>\n<div class=\"newsletter-form-home\">\n\t<p><span class=\"wpcf7-form-control-wrap\" data-name=\"your-email\"><input size=\"40\" maxlength=\"400\" class=\"wpcf7-form-control wpcf7-email wpcf7-validates-as-required wpcf7-text wpcf7-validates-as-email\" aria-required=\"true\" aria-invalid=\"false\" placeholder=\"Type your Email\" value=\"\" type=\"email\" name=\"your-email\" \/><\/span><input class=\"wpcf7-form-control wpcf7-submit has-spinner\" type=\"submit\" value=\"Subscribe\" \/><br \/>\n<span class=\"wpcf7-form-control-wrap\" data-name=\"acceptance-143\"><span class=\"wpcf7-form-control wpcf7-acceptance\"><span class=\"wpcf7-list-item\"><label><input type=\"checkbox\" name=\"acceptance-143\" value=\"1\" aria-invalid=\"false\" \/><span class=\"wpcf7-list-item-label\">I Accept to receive newsletters from GUITARRAUL in accordance with the terms exposed in the <a href=\"\/en\/politica-privacidad\"  target=\"_blank\">privacy policy<\/a><\/span><\/label><\/span><\/span><\/span>\n\t<\/p>\n<\/div><div class=\"wpcf7-response-output\" aria-hidden=\"true\"><\/div>\n<\/form>\n<\/div>\n[\/vc_column_text][\/vc_column][\/vc_row]<\/p>\n<\/section>","protected":false},"excerpt":{"rendered":"<p>[vc_row full_width=&#8221;stretch_row&#8221; bg_type=&#8221;bg_color&#8221; seperator_enable=&#8221;seperator_enable_value&#8221; seperator_type=&#8221;curve_down_seperator&#8221; seperator_position=&#8221;bottom_seperator&#8221; seperator_svg_height=&#8221;180&#8243; seperator_shape_background=&#8221;#ede8e0&#8243; el_id=&#8221;titulo&#8221; css=&#8221;.vc_custom_1555079921481{padding-top: 100px !important;padding-bottom: 100px !important;background-image: url(https:\/\/www.guitarraul.com\/contenidos-guitarraul\/uploads\/2019\/04\/top-contacto.jpg?id=257) !important;}&#8221;][vc_column][vc_column_text] Contact Us [\/vc_column_text][\/vc_column][\/vc_row][vc_row el_id=&#8221;formulario&#8221;][vc_column][vc_column_text css_animation=&#8221;fadeInUp&#8221; css=&#8221;.vc_custom_1563810250367{padding-right: 100px !important;padding-left: 100px !important;}&#8221;] Please fill the form below to send us any doubts or comments: [\/vc_column_text][\/vc_column][\/vc_row][vc_row][vc_column width=&#8221;1\/6&#8243;][\/vc_column][vc_column width=&#8221;2\/3&#8243;][vc_column_text el_class=&#8221;p-small&#8221;]Responsable del tratamiento: Los datos tratados en el presente formulario, ser\u00e1n tratados por la&hellip;<\/p>\n","protected":false},"author":1,"featured_media":0,"parent":0,"menu_order":0,"comment_status":"closed","ping_status":"closed","template":"","meta":{"_acf_changed":false},"class_list":["post-8287","page","type-page","status-publish","hentry","description-off"],"acf":[],"yoast_head":"<!-- This site is optimized with the Yoast SEO plugin v26.9 - https:\/\/yoast.com\/product\/yoast-seo-wordpress\/ -->\n<title>Contact Us - Guitarraul<\/title>\n<meta name=\"robots\" content=\"index, follow, max-snippet:-1, max-image-preview:large, max-video-preview:-1\" \/>\n<link rel=\"canonical\" href=\"https:\/\/www.guitarraul.com\/contacto\/\" \/>\n<meta property=\"og:locale\" content=\"en_US\" \/>\n<meta property=\"og:type\" content=\"article\" \/>\n<meta property=\"og:title\" content=\"Contact Us - Guitarraul\" \/>\n<meta property=\"og:description\" content=\"[vc_row full_width=&#8221;stretch_row&#8221; bg_type=&#8221;bg_color&#8221; seperator_enable=&#8221;seperator_enable_value&#8221; seperator_type=&#8221;curve_down_seperator&#8221; seperator_position=&#8221;bottom_seperator&#8221; seperator_svg_height=&#8221;180&#8243; seperator_shape_background=&#8221;#ede8e0&#8243; el_id=&#8221;titulo&#8221; css=&#8221;.vc_custom_1555079921481{padding-top: 100px !important;padding-bottom: 100px !important;background-image: url(https:\/\/www.guitarraul.com\/contenidos-guitarraul\/uploads\/2019\/04\/top-contacto.jpg?id=257) !important;}&#8221;][vc_column][vc_column_text] Contact Us [\/vc_column_text][\/vc_column][\/vc_row][vc_row el_id=&#8221;formulario&#8221;][vc_column][vc_column_text css_animation=&#8221;fadeInUp&#8221; css=&#8221;.vc_custom_1563810250367{padding-right: 100px !important;padding-left: 100px !important;}&#8221;] Please fill the form below to send us any doubts or comments: [\/vc_column_text][\/vc_column][\/vc_row][vc_row][vc_column width=&#8221;1\/6&#8243;][\/vc_column][vc_column width=&#8221;2\/3&#8243;][vc_column_text el_class=&#8221;p-small&#8221;]Responsable del tratamiento: Los datos tratados en el presente formulario, ser\u00e1n tratados por la&hellip;\" \/>\n<meta property=\"og:url\" content=\"https:\/\/www.guitarraul.com\/contacto\/\" \/>\n<meta property=\"og:site_name\" content=\"Guitarraul\" \/>\n<meta property=\"article:modified_time\" content=\"2019-07-29T20:19:34+00:00\" \/>\n<meta name=\"twitter:card\" content=\"summary_large_image\" \/>\n<meta name=\"twitter:label1\" content=\"Est. reading time\" \/>\n\t<meta name=\"twitter:data1\" content=\"3 minutes\" \/>\n<script type=\"application\/ld+json\" class=\"yoast-schema-graph\">{\"@context\":\"https:\/\/schema.org\",\"@graph\":[{\"@type\":\"WebPage\",\"@id\":\"https:\/\/www.guitarraul.com\/contacto\/\",\"url\":\"https:\/\/www.guitarraul.com\/contacto\/\",\"name\":\"Contact Us - Guitarraul\",\"isPartOf\":{\"@id\":\"https:\/\/www.guitarraul.com\/#website\"},\"datePublished\":\"2019-04-05T11:40:02+00:00\",\"dateModified\":\"2019-07-29T20:19:34+00:00\",\"breadcrumb\":{\"@id\":\"https:\/\/www.guitarraul.com\/contacto\/#breadcrumb\"},\"inLanguage\":\"en-US\",\"potentialAction\":[{\"@type\":\"ReadAction\",\"target\":[\"https:\/\/www.guitarraul.com\/contacto\/\"]}]},{\"@type\":\"BreadcrumbList\",\"@id\":\"https:\/\/www.guitarraul.com\/contacto\/#breadcrumb\",\"itemListElement\":[{\"@type\":\"ListItem\",\"position\":1,\"name\":\"Portada\",\"item\":\"https:\/\/www.guitarraul.com\/en\/\"},{\"@type\":\"ListItem\",\"position\":2,\"name\":\"Contact Us\"}]},{\"@type\":\"WebSite\",\"@id\":\"https:\/\/www.guitarraul.com\/#website\",\"url\":\"https:\/\/www.guitarraul.com\/\",\"name\":\"Guitarraul\",\"description\":\"Partituras y Arreglos para Guitarra Clasica\",\"potentialAction\":[{\"@type\":\"SearchAction\",\"target\":{\"@type\":\"EntryPoint\",\"urlTemplate\":\"https:\/\/www.guitarraul.com\/?s={search_term_string}\"},\"query-input\":{\"@type\":\"PropertyValueSpecification\",\"valueRequired\":true,\"valueName\":\"search_term_string\"}}],\"inLanguage\":\"en-US\"}]}<\/script>\n<!-- \/ Yoast SEO plugin. -->","yoast_head_json":{"title":"Contact Us - Guitarraul","robots":{"index":"index","follow":"follow","max-snippet":"max-snippet:-1","max-image-preview":"max-image-preview:large","max-video-preview":"max-video-preview:-1"},"canonical":"https:\/\/www.guitarraul.com\/contacto\/","og_locale":"en_US","og_type":"article","og_title":"Contact Us - Guitarraul","og_description":"[vc_row full_width=&#8221;stretch_row&#8221; bg_type=&#8221;bg_color&#8221; seperator_enable=&#8221;seperator_enable_value&#8221; seperator_type=&#8221;curve_down_seperator&#8221; seperator_position=&#8221;bottom_seperator&#8221; seperator_svg_height=&#8221;180&#8243; seperator_shape_background=&#8221;#ede8e0&#8243; el_id=&#8221;titulo&#8221; css=&#8221;.vc_custom_1555079921481{padding-top: 100px !important;padding-bottom: 100px !important;background-image: url(https:\/\/www.guitarraul.com\/contenidos-guitarraul\/uploads\/2019\/04\/top-contacto.jpg?id=257) !important;}&#8221;][vc_column][vc_column_text] Contact Us [\/vc_column_text][\/vc_column][\/vc_row][vc_row el_id=&#8221;formulario&#8221;][vc_column][vc_column_text css_animation=&#8221;fadeInUp&#8221; css=&#8221;.vc_custom_1563810250367{padding-right: 100px !important;padding-left: 100px !important;}&#8221;] Please fill the form below to send us any doubts or comments: [\/vc_column_text][\/vc_column][\/vc_row][vc_row][vc_column width=&#8221;1\/6&#8243;][\/vc_column][vc_column width=&#8221;2\/3&#8243;][vc_column_text el_class=&#8221;p-small&#8221;]Responsable del tratamiento: Los datos tratados en el presente formulario, ser\u00e1n tratados por la&hellip;","og_url":"https:\/\/www.guitarraul.com\/contacto\/","og_site_name":"Guitarraul","article_modified_time":"2019-07-29T20:19:34+00:00","twitter_card":"summary_large_image","twitter_misc":{"Est. reading time":"3 minutes"},"schema":{"@context":"https:\/\/schema.org","@graph":[{"@type":"WebPage","@id":"https:\/\/www.guitarraul.com\/contacto\/","url":"https:\/\/www.guitarraul.com\/contacto\/","name":"Contact Us - Guitarraul","isPartOf":{"@id":"https:\/\/www.guitarraul.com\/#website"},"datePublished":"2019-04-05T11:40:02+00:00","dateModified":"2019-07-29T20:19:34+00:00","breadcrumb":{"@id":"https:\/\/www.guitarraul.com\/contacto\/#breadcrumb"},"inLanguage":"en-US","potentialAction":[{"@type":"ReadAction","target":["https:\/\/www.guitarraul.com\/contacto\/"]}]},{"@type":"BreadcrumbList","@id":"https:\/\/www.guitarraul.com\/contacto\/#breadcrumb","itemListElement":[{"@type":"ListItem","position":1,"name":"Portada","item":"https:\/\/www.guitarraul.com\/en\/"},{"@type":"ListItem","position":2,"name":"Contact Us"}]},{"@type":"WebSite","@id":"https:\/\/www.guitarraul.com\/#website","url":"https:\/\/www.guitarraul.com\/","name":"Guitarraul","description":"Partituras y Arreglos para Guitarra Clasica","potentialAction":[{"@type":"SearchAction","target":{"@type":"EntryPoint","urlTemplate":"https:\/\/www.guitarraul.com\/?s={search_term_string}"},"query-input":{"@type":"PropertyValueSpecification","valueRequired":true,"valueName":"search_term_string"}}],"inLanguage":"en-US"}]}},"_links":{"self":[{"href":"https:\/\/www.guitarraul.com\/en\/wp-json\/wp\/v2\/pages\/8287","targetHints":{"allow":["GET"]}}],"collection":[{"href":"https:\/\/www.guitarraul.com\/en\/wp-json\/wp\/v2\/pages"}],"about":[{"href":"https:\/\/www.guitarraul.com\/en\/wp-json\/wp\/v2\/types\/page"}],"author":[{"embeddable":true,"href":"https:\/\/www.guitarraul.com\/en\/wp-json\/wp\/v2\/users\/1"}],"replies":[{"embeddable":true,"href":"https:\/\/www.guitarraul.com\/en\/wp-json\/wp\/v2\/comments?post=8287"}],"version-history":[{"count":0,"href":"https:\/\/www.guitarraul.com\/en\/wp-json\/wp\/v2\/pages\/8287\/revisions"}],"wp:attachment":[{"href":"https:\/\/www.guitarraul.com\/en\/wp-json\/wp\/v2\/media?parent=8287"}],"curies":[{"name":"wp","href":"https:\/\/api.w.org\/{rel}","templated":true}]}}